{"id":3448731,"date":"2024-01-15T09:22:42","date_gmt":"2024-01-15T08:22:42","guid":{"rendered":"https:\/\/www.tapovan.com\/massage-reservation"},"modified":"2024-01-15T09:22:47","modified_gmt":"2024-01-15T08:22:47","slug":"massage-reservation","status":"publish","type":"page","link":"https:\/\/www.tapovan.com\/en\/massage-reservation","title":{"rendered":"Massage reservation"},"content":{"rendered":"\t\t<div data-elementor-type=\"wp-page\" data-elementor-id=\"3448731\" class=\"elementor elementor-3448731 elementor-1992094\" data-elementor-post-type=\"page\">\n\t\t\t\t\t\t<section class=\"elementor-section elementor-top-section elementor-element elementor-element-c89592a elementor-section-boxed elementor-section-height-default elementor-section-height-default\" data-id=\"c89592a\" data-element_type=\"section\">\n\t\t\t\t\t\t<div class=\"elementor-container elementor-column-gap-default\">\n\t\t\t\t\t<div class=\"elementor-column elementor-col-100 elementor-top-column elementor-element elementor-element-a3d1b2b\" data-id=\"a3d1b2b\" data-element_type=\"column\">\n\t\t\t<div class=\"elementor-widget-wrap elementor-element-populated\">\n\t\t\t\t\t\t<div class=\"elementor-element elementor-element-3ea6447 elementor-widget elementor-widget-text-editor\" data-id=\"3ea6447\" data-element_type=\"widget\" data-widget_type=\"text-editor.default\">\n\t\t\t\t<div class=\"elementor-widget-container\">\n\t\t\t\t\t\t\t<h1>Welcome to the Tapovan Paris appointment booking page!<\/h1>\n\t\t\t\t\t\t<\/div>\n\t\t\t\t<\/div>\n\t\t\t\t\t<\/div>\n\t\t<\/div>\n\t\t\t\t\t<\/div>\n\t\t<\/section>\n\t\t\t\t<section class=\"elementor-section elementor-top-section elementor-element elementor-element-e78f20a elementor-section-boxed elementor-section-height-default elementor-section-height-default\" data-id=\"e78f20a\" data-element_type=\"section\">\n\t\t\t\t\t\t<div class=\"elementor-container elementor-column-gap-default\">\n\t\t\t\t\t<div class=\"elementor-column elementor-col-50 elementor-top-column elementor-element elementor-element-3529c3a\" data-id=\"3529c3a\" data-element_type=\"column\">\n\t\t\t<div class=\"elementor-widget-wrap elementor-element-populated\">\n\t\t\t\t\t\t<div class=\"elementor-element elementor-element-5f4caf0 elementor-widget elementor-widget-text-editor\" data-id=\"5f4caf0\" data-element_type=\"widget\" data-widget_type=\"text-editor.default\">\n\t\t\t\t<div class=\"elementor-widget-container\">\n\t\t\t\t\t\t\t<p>At the end of your reservation, a deposit will be requested, firm and final.<br \/>\nYou can move your appointment at your convenience up to <strong>48 hours before<\/strong>.<br \/>\nBeyond that, <strong>if you are unable to attend<\/strong>, we invite you <strong>to contact<\/strong> our Reception team as quickly as possible at 01.45.77.90.59.<\/p>\n\t\t\t\t\t\t<\/div>\n\t\t\t\t<\/div>\n\t\t\t\t\t<\/div>\n\t\t<\/div>\n\t\t\t\t<div class=\"elementor-column elementor-col-50 elementor-top-column elementor-element elementor-element-55d44a5\" data-id=\"55d44a5\" data-element_type=\"column\">\n\t\t\t<div class=\"elementor-widget-wrap elementor-element-populated\">\n\t\t\t\t\t\t<div class=\"elementor-element elementor-element-d87aab8 elementor-widget elementor-widget-text-editor\" data-id=\"d87aab8\" data-element_type=\"widget\" data-widget_type=\"text-editor.default\">\n\t\t\t\t<div class=\"elementor-widget-container\">\n\t\t\t\t\t\t\t<p><strong>If you are in one of the following situations<\/strong>, we also invite you to contact our Reception team directly:<\/p>\n<ul>\n<li>recipient of a Wonderbox box set<\/li>\n<li>recipient of one or more Tapovan gift vouchers<\/li>\n<li>choice of a particular masseur,<\/li>\n<li>certain massages not available in the reservation choice and requiring the intervention of our team (e.g. pichauli, individual mini-treatment, etc.)<\/li>\n<li>organization of several meetings simultaneously.<\/li>\n<\/ul>\n\t\t\t\t\t\t<\/div>\n\t\t\t\t<\/div>\n\t\t\t\t\t<\/div>\n\t\t<\/div>\n\t\t\t\t\t<\/div>\n\t\t<\/section>\n\t\t\t\t<section class=\"elementor-section elementor-top-section elementor-element elementor-element-23641f3 elementor-section-boxed elementor-section-height-default elementor-section-height-default\" data-id=\"23641f3\" data-element_type=\"section\">\n\t\t\t\t\t\t<div class=\"elementor-container elementor-column-gap-default\">\n\t\t\t\t\t<div class=\"elementor-column elementor-col-100 elementor-top-column elementor-element elementor-element-030d524\" data-id=\"030d524\" data-element_type=\"column\">\n\t\t\t<div class=\"elementor-widget-wrap elementor-element-populated\">\n\t\t\t\t\t\t<div class=\"elementor-element elementor-element-c9f9b74 elementor-widget elementor-widget-text-editor\" data-id=\"c9f9b74\" data-element_type=\"widget\" data-widget_type=\"text-editor.default\">\n\t\t\t\t<div class=\"elementor-widget-container\">\n\t\t\t\t\t\t\t<p style=\"text-align: center;\">\n<script>\n  if (typeof hasAmeliaEntitiesApiCall === 'undefined' && '' === '') {\n    var hasAmeliaEntitiesApiCall = true;\n  }\n  var ameliaShortcodeData = (typeof ameliaShortcodeData === 'undefined') ? [] : ameliaShortcodeData;\n  ameliaShortcodeData.push(\n    {\n      'hasApiCall': (typeof hasAmeliaEntitiesApiCall !== 'undefined') && hasAmeliaEntitiesApiCall,\n      'trigger': '',\n      'trigger_type': '',\n      'triggered_form': 'sbsNew',\n      'in_dialog': '',\n      'show': '',\n      'counter': '1000',\n      'category': '',\n      'service': '',\n      'employee': '',\n      'location': '',\n      'package': ''\n    }\n  );\n\n  var ameliaShortcodeDataTriggered = (typeof ameliaShortcodeDataTriggered === 'undefined') ? [] : ameliaShortcodeDataTriggered;\n  if (ameliaShortcodeData[ameliaShortcodeData.length - 1].trigger !== '') {\n    if (ameliaShortcodeDataTriggered.filter(a => a.counter === ameliaShortcodeData[ameliaShortcodeData.length - 1].counter).length === 0) {\n      ameliaShortcodeDataTriggered.push(ameliaShortcodeData.pop());\n    } else {\n      ameliaShortcodeData.pop()\n    }\n  }\n  if (typeof hasAmeliaEntitiesApiCall !== 'undefined' && hasAmeliaEntitiesApiCall) {\n    hasAmeliaEntitiesApiCall = false;\n  }\n<\/script>\n\n<div\n  id=\"amelia-v2-booking-1000\"\n  class=\"amelia-v2-booking\"\n >\n    <step-form-wrapper><\/step-form-wrapper><\/div>\n<\/p>\n\t\t\t\t\t\t<\/div>\n\t\t\t\t<\/div>\n\t\t\t\t\t<\/div>\n\t\t<\/div>\n\t\t\t\t\t<\/div>\n\t\t<\/section>\n\t\t\t\t<section class=\"elementor-section elementor-top-section elementor-element elementor-element-b1e240d elementor-section-boxed elementor-section-height-default elementor-section-height-default\" data-id=\"b1e240d\" data-element_type=\"section\">\n\t\t\t\t\t\t<div class=\"elementor-container elementor-column-gap-default\">\n\t\t\t\t\t<div class=\"elementor-column elementor-col-100 elementor-top-column elementor-element elementor-element-4126c4c\" data-id=\"4126c4c\" data-element_type=\"column\">\n\t\t\t<div class=\"elementor-widget-wrap elementor-element-populated\">\n\t\t\t\t\t\t<div class=\"elementor-element elementor-element-ed232b4 elementor-widget elementor-widget-text-editor\" data-id=\"ed232b4\" data-element_type=\"widget\" data-widget_type=\"text-editor.default\">\n\t\t\t\t<div class=\"elementor-widget-container\">\n\t\t\t\t\t\t\t<p>Our Reception team provides a telephone hotline<br \/>\n<strong>Tuesday to Saturday 10 a.m. to 6 p.m<\/strong>.<br \/>\nDo not hesitate to contact us with any questions.<br \/>\nOur teams will be delighted to help you organize your care!<br \/>\nWe look forward to welcoming you to Tapovan Paris!<\/p>\n\t\t\t\t\t\t<\/div>\n\t\t\t\t<\/div>\n\t\t\t\t\t<\/div>\n\t\t<\/div>\n\t\t\t\t\t<\/div>\n\t\t<\/section>\n\t\t\t\t<\/div>\n\t\t","protected":false},"excerpt":{"rendered":"<p>Welcome to the Tapovan Paris appointment booking page! At the end of your reservation, a deposit will be requested, firm and final. You can move your appointment at your convenience up to 48 hours before. Beyond that, if you are unable to attend, we invite you to contact our Reception team as quickly as possible [&hellip;]<\/p>\n","protected":false},"author":10,"featured_media":0,"parent":0,"menu_order":0,"comment_status":"closed","ping_status":"closed","template":"","meta":{"ocean_post_layout":"","ocean_both_sidebars_style":"","ocean_both_sidebars_content_width":0,"ocean_both_sidebars_sidebars_width":0,"ocean_sidebar":"0","ocean_second_sidebar":"0","ocean_disable_margins":"enable","ocean_add_body_class":"","ocean_shortcode_before_top_bar":"","ocean_shortcode_after_top_bar":"","ocean_shortcode_before_header":"","ocean_shortcode_after_header":"","ocean_has_shortcode":"","ocean_shortcode_after_title":"","ocean_shortcode_before_footer_widgets":"","ocean_shortcode_after_footer_widgets":"","ocean_shortcode_before_footer_bottom":"","ocean_shortcode_after_footer_bottom":"","ocean_display_top_bar":"default","ocean_display_header":"default","ocean_header_style":"","ocean_center_header_left_menu":"0","ocean_custom_header_template":"0","ocean_custom_logo":0,"ocean_custom_retina_logo":0,"ocean_custom_logo_max_width":0,"ocean_custom_logo_tablet_max_width":0,"ocean_custom_logo_mobile_max_width":0,"ocean_custom_logo_max_height":0,"ocean_custom_logo_tablet_max_height":0,"ocean_custom_logo_mobile_max_height":0,"ocean_header_custom_menu":"0","ocean_menu_typo_font_family":"0","ocean_menu_typo_font_subset":"","ocean_menu_typo_font_size":0,"ocean_menu_typo_font_size_tablet":0,"ocean_menu_typo_font_size_mobile":0,"ocean_menu_typo_font_size_unit":"px","ocean_menu_typo_font_weight":"","ocean_menu_typo_font_weight_tablet":"","ocean_menu_typo_font_weight_mobile":"","ocean_menu_typo_transform":"","ocean_menu_typo_transform_tablet":"","ocean_menu_typo_transform_mobile":"","ocean_menu_typo_line_height":0,"ocean_menu_typo_line_height_tablet":0,"ocean_menu_typo_line_height_mobile":0,"ocean_menu_typo_line_height_unit":"","ocean_menu_typo_spacing":0,"ocean_menu_typo_spacing_tablet":0,"ocean_menu_typo_spacing_mobile":0,"ocean_menu_typo_spacing_unit":"","ocean_menu_link_color":"","ocean_menu_link_color_hover":"","ocean_menu_link_color_active":"","ocean_menu_link_background":"","ocean_menu_link_hover_background":"","ocean_menu_link_active_background":"","ocean_menu_social_links_bg":"","ocean_menu_social_hover_links_bg":"","ocean_menu_social_links_color":"","ocean_menu_social_hover_links_color":"","ocean_disable_title":"default","ocean_disable_heading":"default","ocean_post_title":"","ocean_post_subheading":"","ocean_post_title_style":"","ocean_post_title_background_color":"","ocean_post_title_background":0,"ocean_post_title_bg_image_position":"","ocean_post_title_bg_image_attachment":"","ocean_post_title_bg_image_repeat":"","ocean_post_title_bg_image_size":"","ocean_post_title_height":0,"ocean_post_title_bg_overlay":0.5,"ocean_post_title_bg_overlay_color":"","ocean_disable_breadcrumbs":"default","ocean_breadcrumbs_color":"","ocean_breadcrumbs_separator_color":"","ocean_breadcrumbs_links_color":"","ocean_breadcrumbs_links_hover_color":"","ocean_display_footer_widgets":"default","ocean_display_footer_bottom":"default","ocean_custom_footer_template":"0","footnotes":""},"yoast_head":"<!-- This site is optimized with the Yoast SEO plugin v24.5 - https:\/\/yoast.com\/wordpress\/plugins\/seo\/ -->\n<title>Welcome to the Tapovan Paris appointment booking page<\/title>\n<meta name=\"description\" content=\"Prenez RDV en ligne pour Abhyanga, Shirodhara, Kansu\u2026 Acompte s\u00e9curis\u00e9. Tapovan Paris 15e &amp; Normandie. D\u00e9placement possible jusqu\u2019\u00e0 48h.\" \/>\n<meta name=\"robots\" content=\"index, follow, max-snippet:-1, max-image-preview:large, max-video-preview:-1\" \/>\n<link rel=\"canonical\" href=\"https:\/\/www.tapovan.com\/reservation-massages\" \/>\n<meta property=\"og:locale\" content=\"en_US\" \/>\n<meta property=\"og:type\" content=\"article\" \/>\n<meta property=\"og:title\" content=\"Welcome to the Tapovan Paris appointment booking page\" \/>\n<meta property=\"og:description\" content=\"Prenez RDV en ligne pour Abhyanga, Shirodhara, Kansu\u2026 Acompte s\u00e9curis\u00e9. Tapovan Paris 15e &amp; Normandie. D\u00e9placement possible jusqu\u2019\u00e0 48h.\" \/>\n<meta property=\"og:url\" content=\"https:\/\/www.tapovan.com\/reservation-massages\" \/>\n<meta property=\"og:site_name\" content=\"Tapovan\" \/>\n<meta property=\"article:modified_time\" content=\"2024-01-15T08:22:47+00:00\" \/>\n<meta name=\"twitter:card\" content=\"summary_large_image\" \/>\n<meta name=\"twitter:label1\" content=\"Est. reading time\" \/>\n\t<meta name=\"twitter:data1\" content=\"1 minute\" \/>\n<script type=\"application\/ld+json\" class=\"yoast-schema-graph\">{\"@context\":\"https:\/\/schema.org\",\"@graph\":[{\"@type\":\"WebPage\",\"@id\":\"https:\/\/www.tapovan.com\/reservation-massages\",\"url\":\"https:\/\/www.tapovan.com\/reservation-massages\",\"name\":\"Welcome to the Tapovan Paris appointment booking page\",\"isPartOf\":{\"@id\":\"https:\/\/www.tapovan.com\/#website\"},\"datePublished\":\"2024-01-15T08:22:42+00:00\",\"dateModified\":\"2024-01-15T08:22:47+00:00\",\"description\":\"Prenez RDV en ligne pour Abhyanga, Shirodhara, Kansu\u2026 Acompte s\u00e9curis\u00e9. Tapovan Paris 15e & Normandie. D\u00e9placement possible jusqu\u2019\u00e0 48h.\",\"breadcrumb\":{\"@id\":\"https:\/\/www.tapovan.com\/reservation-massages#breadcrumb\"},\"inLanguage\":\"en-US\",\"potentialAction\":[{\"@type\":\"ReadAction\",\"target\":[\"https:\/\/www.tapovan.com\/reservation-massages\"]}]},{\"@type\":\"BreadcrumbList\",\"@id\":\"https:\/\/www.tapovan.com\/reservation-massages#breadcrumb\",\"itemListElement\":[{\"@type\":\"ListItem\",\"position\":1,\"name\":\"Accueil\",\"item\":\"https:\/\/www.tapovan.com\/\"},{\"@type\":\"ListItem\",\"position\":2,\"name\":\"Massage reservation\"}]},{\"@type\":\"WebSite\",\"@id\":\"https:\/\/www.tapovan.com\/#website\",\"url\":\"https:\/\/www.tapovan.com\/\",\"name\":\"Tapovan\",\"description\":\"Tapovan est le plus grand centre d&#039;ayurveda en France et en Europe un lieu sinc\u00e8re et authentique ou l on peut a la fois recevoir ou apprendre le yoga, le massage ayurvedique  et l&#039;ayurveda dans le respect de la tradition et avec l&#039;apport d&#039;une p\u00e9dagogoie moderne et innovante\",\"publisher\":{\"@id\":\"https:\/\/www.tapovan.com\/#organization\"},\"potentialAction\":[{\"@type\":\"SearchAction\",\"target\":{\"@type\":\"EntryPoint\",\"urlTemplate\":\"https:\/\/www.tapovan.com\/?s={search_term_string}\"},\"query-input\":{\"@type\":\"PropertyValueSpecification\",\"valueRequired\":true,\"valueName\":\"search_term_string\"}}],\"inLanguage\":\"en-US\"},{\"@type\":\"Organization\",\"@id\":\"https:\/\/www.tapovan.com\/#organization\",\"name\":\"Tapovan\",\"url\":\"https:\/\/www.tapovan.com\/\",\"logo\":{\"@type\":\"ImageObject\",\"inLanguage\":\"en-US\",\"@id\":\"https:\/\/www.tapovan.com\/#\/schema\/logo\/image\/\",\"url\":\"https:\/\/www.tapovan.com\/wp-content\/uploads\/2018\/11\/tapovan_logo_open-university_600x373.png\",\"contentUrl\":\"https:\/\/www.tapovan.com\/wp-content\/uploads\/2018\/11\/tapovan_logo_open-university_600x373.png\",\"width\":600,\"height\":373,\"caption\":\"Tapovan\"},\"image\":{\"@id\":\"https:\/\/www.tapovan.com\/#\/schema\/logo\/image\/\"}}]}<\/script>\n<!-- \/ Yoast SEO plugin. -->","yoast_head_json":{"title":"Welcome to the Tapovan Paris appointment booking page","description":"Prenez RDV en ligne pour Abhyanga, Shirodhara, Kansu\u2026 Acompte s\u00e9curis\u00e9. Tapovan Paris 15e & Normandie. D\u00e9placement possible jusqu\u2019\u00e0 48h.","robots":{"index":"index","follow":"follow","max-snippet":"max-snippet:-1","max-image-preview":"max-image-preview:large","max-video-preview":"max-video-preview:-1"},"canonical":"https:\/\/www.tapovan.com\/reservation-massages","og_locale":"en_US","og_type":"article","og_title":"Welcome to the Tapovan Paris appointment booking page","og_description":"Prenez RDV en ligne pour Abhyanga, Shirodhara, Kansu\u2026 Acompte s\u00e9curis\u00e9. Tapovan Paris 15e & Normandie. D\u00e9placement possible jusqu\u2019\u00e0 48h.","og_url":"https:\/\/www.tapovan.com\/reservation-massages","og_site_name":"Tapovan","article_modified_time":"2024-01-15T08:22:47+00:00","twitter_card":"summary_large_image","twitter_misc":{"Est. reading time":"1 minute"},"schema":{"@context":"https:\/\/schema.org","@graph":[{"@type":"WebPage","@id":"https:\/\/www.tapovan.com\/reservation-massages","url":"https:\/\/www.tapovan.com\/reservation-massages","name":"Welcome to the Tapovan Paris appointment booking page","isPartOf":{"@id":"https:\/\/www.tapovan.com\/#website"},"datePublished":"2024-01-15T08:22:42+00:00","dateModified":"2024-01-15T08:22:47+00:00","description":"Prenez RDV en ligne pour Abhyanga, Shirodhara, Kansu\u2026 Acompte s\u00e9curis\u00e9. Tapovan Paris 15e & Normandie. D\u00e9placement possible jusqu\u2019\u00e0 48h.","breadcrumb":{"@id":"https:\/\/www.tapovan.com\/reservation-massages#breadcrumb"},"inLanguage":"en-US","potentialAction":[{"@type":"ReadAction","target":["https:\/\/www.tapovan.com\/reservation-massages"]}]},{"@type":"BreadcrumbList","@id":"https:\/\/www.tapovan.com\/reservation-massages#breadcrumb","itemListElement":[{"@type":"ListItem","position":1,"name":"Accueil","item":"https:\/\/www.tapovan.com\/"},{"@type":"ListItem","position":2,"name":"Massage reservation"}]},{"@type":"WebSite","@id":"https:\/\/www.tapovan.com\/#website","url":"https:\/\/www.tapovan.com\/","name":"Tapovan","description":"Tapovan est le plus grand centre d&#039;ayurveda en France et en Europe un lieu sinc\u00e8re et authentique ou l on peut a la fois recevoir ou apprendre le yoga, le massage ayurvedique  et l&#039;ayurveda dans le respect de la tradition et avec l&#039;apport d&#039;une p\u00e9dagogoie moderne et innovante","publisher":{"@id":"https:\/\/www.tapovan.com\/#organization"},"potentialAction":[{"@type":"SearchAction","target":{"@type":"EntryPoint","urlTemplate":"https:\/\/www.tapovan.com\/?s={search_term_string}"},"query-input":{"@type":"PropertyValueSpecification","valueRequired":true,"valueName":"search_term_string"}}],"inLanguage":"en-US"},{"@type":"Organization","@id":"https:\/\/www.tapovan.com\/#organization","name":"Tapovan","url":"https:\/\/www.tapovan.com\/","logo":{"@type":"ImageObject","inLanguage":"en-US","@id":"https:\/\/www.tapovan.com\/#\/schema\/logo\/image\/","url":"https:\/\/www.tapovan.com\/wp-content\/uploads\/2018\/11\/tapovan_logo_open-university_600x373.png","contentUrl":"https:\/\/www.tapovan.com\/wp-content\/uploads\/2018\/11\/tapovan_logo_open-university_600x373.png","width":600,"height":373,"caption":"Tapovan"},"image":{"@id":"https:\/\/www.tapovan.com\/#\/schema\/logo\/image\/"}}]}},"_links":{"self":[{"href":"https:\/\/www.tapovan.com\/en\/wp-json\/wp\/v2\/pages\/3448731"}],"collection":[{"href":"https:\/\/www.tapovan.com\/en\/wp-json\/wp\/v2\/pages"}],"about":[{"href":"https:\/\/www.tapovan.com\/en\/wp-json\/wp\/v2\/types\/page"}],"author":[{"embeddable":true,"href":"https:\/\/www.tapovan.com\/en\/wp-json\/wp\/v2\/users\/10"}],"replies":[{"embeddable":true,"href":"https:\/\/www.tapovan.com\/en\/wp-json\/wp\/v2\/comments?post=3448731"}],"version-history":[{"count":0,"href":"https:\/\/www.tapovan.com\/en\/wp-json\/wp\/v2\/pages\/3448731\/revisions"}],"wp:attachment":[{"href":"https:\/\/www.tapovan.com\/en\/wp-json\/wp\/v2\/media?parent=3448731"}],"curies":[{"name":"wp","href":"https:\/\/api.w.org\/{rel}","templated":true}]}}